{"id":34,"date":"2012-09-15T12:04:33","date_gmt":"2012-09-15T12:04:33","guid":{"rendered":"http:\/\/37.157.194.205\/pavelauzky\/?page_id=34"},"modified":"2020-03-24T12:42:24","modified_gmt":"2020-03-24T12:42:24","slug":"kontakty","status":"publish","type":"page","link":"https:\/\/www.apmodels.cz\/?page_id=34","title":{"rendered":"Kontakty"},"content":{"rendered":"<p>Pokud m\u00e1te z\u00e1jem o na\u0161e produkty nebo chcete zjistit v\u00edce informac\u00ed o na\u0161ich produktech, ozv\u011bte se pros\u00edm na n\u00ed\u017ee uveden\u00e9 kontakty.<\/p>\n<p><strong>E-mail:<\/strong><br \/>\npavelauzky@seznam.cz<br \/>\nmrflyer.ap@gmail.com<\/p>\n<p><strong>Telefon:<\/strong><br \/>\n+420 602 505 550<\/p>\n<p><strong>Adresa:<br \/>\n<\/strong>AP models, s.r.o.<br \/>\nKr\u00e1tk\u00e1 472<br \/>\nMoravsk\u00fd \u017di\u017ekov<br \/>\n691 01<\/p>\n<p>&nbsp;<\/p>\n<p>Najdete n\u00e1s tak\u00e9 na <a href=\"https:\/\/www.facebook.com\/AP-models-200724469965713\/\">Facebooku<\/a> a na <a href=\"https:\/\/www.instagram.com\/apmodels_cz\/\">Instagramu<\/a><\/p>\n","protected":false},"excerpt":{"rendered":"<p>Pokud m\u00e1te z\u00e1jem o na\u0161e produkty nebo chcete zjistit v\u00edce informac\u00ed o na\u0161ich produktech, ozv\u011bte se pros\u00edm na n\u00ed\u017ee uveden\u00e9 kontakty.<\/p>\n<p>E-mail:<br \/>\npavelauzky@seznam.cz<br \/>\nmrflyer.ap@gmail.com<\/p>\n<p>Telefon:<br \/>\n+420 602 505 550<\/p>\n<p>Adresa:<br \/>\nAP models, s.r.o.<br \/>\nKr\u00e1tk\u00e1 472<br \/>\nMoravsk\u00fd \u017di\u017ekov<br \/>\n691  [&#8230;]<\/p>\n","protected":false},"author":1,"featured_media":0,"parent":0,"menu_order":0,"comment_status":"closed","ping_status":"closed","template":"","meta":[],"_links":{"self":[{"href":"https:\/\/www.apmodels.cz\/index.php?rest_route=\/wp\/v2\/pages\/34"}],"collection":[{"href":"https:\/\/www.apmodels.cz\/index.php?rest_route=\/wp\/v2\/pages"}],"about":[{"href":"https:\/\/www.apmodels.cz\/index.php?rest_route=\/wp\/v2\/types\/page"}],"author":[{"embeddable":true,"href":"https:\/\/www.apmodels.cz\/index.php?rest_route=\/wp\/v2\/users\/1"}],"replies":[{"embeddable":true,"href":"https:\/\/www.apmodels.cz\/index.php?rest_route=%2Fwp%2Fv2%2Fcomments&post=34"}],"version-history":[{"count":6,"href":"https:\/\/www.apmodels.cz\/index.php?rest_route=\/wp\/v2\/pages\/34\/revisions"}],"predecessor-version":[{"id":1159,"href":"https:\/\/www.apmodels.cz\/index.php?rest_route=\/wp\/v2\/pages\/34\/revisions\/1159"}],"wp:attachment":[{"href":"https:\/\/www.apmodels.cz\/index.php?rest_route=%2Fwp%2Fv2%2Fmedia&parent=34"}],"curies":[{"name":"wp","href":"https:\/\/api.w.org\/{rel}","templated":true}]}}